{"id":278,"date":"2011-11-03T14:28:29","date_gmt":"2011-11-03T12:28:29","guid":{"rendered":"http:\/\/www.gloryus.de\/?page_id=278"},"modified":"2012-11-30T19:10:43","modified_gmt":"2012-11-30T17:10:43","slug":"haufig-gestellte-fragen","status":"publish","type":"page","link":"http:\/\/www.gloryus.de\/?page_id=278","title":{"rendered":"H\u00e4ufig gestellte Fragen"},"content":{"rendered":"<div>\n<p><a class='spoiler-tgl' href='http:\/\/www.gloryus.de\/?page_id=278#SID278_1_tgl' id='SID278_1_tgl' rev='slide||Wie viele Lieder ben\u00f6tigt man f\u00fcr einen Gottesdienst? ||Wie viele Lieder ben\u00f6tigt man f\u00fcr einen Gottesdienst? ||300'>Wie viele Lieder ben\u00f6tigt man f\u00fcr einen Gottesdienst? <\/a><\/p>\n<div id='SID278_1' class='spoiler-body'>\n<p>In der Regel gilt f\u00fcr einen katholischen Gottesdienst folgender Ablauf:<\/p>\n<ol>\n<li>Einzug<\/li>\n<li>Eingangslied<\/li>\n<li>Kyrie (kann auch gebetet werden)<\/li>\n<li>Gloria<\/li>\n<li>Zwischengesang<\/li>\n<li>evtl. Hallelujaruf zum Evangelium<\/li>\n<li>Gabenbereitung<\/li>\n<li>Sanctus<\/li>\n<li>Agnus Dei (Friedensgru\u00df)<\/li>\n<li>Kommunion<\/li>\n<li>Dank<\/li>\n<li>Schlusslied<\/li>\n<li>Auszug<\/li>\n<\/ol>\n<p>Jedoch ist der genaue Ablauf immer mit dem zust\u00e4ndigen Geistlichen zu kl\u00e4ren.<\/p><\/div>\n<\/div>\n<div>\n<p><a class='spoiler-tgl' href='http:\/\/www.gloryus.de\/?page_id=278#SID278_2_tgl' id='SID278_2_tgl' rev='slide||... und f\u00fcr eine Hochzeit? ||... und f\u00fcr eine Hochzeit? ||300'>&#8230; und f\u00fcr eine Hochzeit? <\/a><\/p>\n<div id='SID278_2' class='spoiler-body'>\n<p>Eine Hochzeit unterscheidet sich in der Regel nicht von einem normalen Gottesdienst. Die einzige Differenz besteht darin, dass noch ein zus\u00e4tzliches Lied nach der Trauung gespielt werden kann. Der Ablauf \u00e4ndert sich wie folgt:<\/p>\n<ol>\n<li>Einzug<\/li>\n<li>Eingangslied<\/li>\n<li>Kyrie (kann auch gebetet werden)<\/li>\n<li>Gloria<\/li>\n<li>Zwischengesang<\/li>\n<li>evtl. Hallelujaruf zum Evangelium<\/li>\n<li><strong>Trauung<\/strong><\/li>\n<li>Gabenbereitung<\/li>\n<li>Sanctus<\/li>\n<li>Agnus Dei (Friedensgru\u00df)<\/li>\n<li>Kommunion<\/li>\n<li>Dank<\/li>\n<li>Schlusslied<\/li>\n<li>Auszug<\/li>\n<\/ol>\n<p>Nat\u00fcrlich ist der genaue Ablauf wieder mit dem Geistlichen abzusprechen, der die Trauung durchf\u00fchrt.<\/p><\/div>\n<\/div>\n<div>\n<p><a class='spoiler-tgl' href='http:\/\/www.gloryus.de\/?page_id=278#SID278_3_tgl' id='SID278_3_tgl' rev='slide||Kann ich mir auch Lieder w\u00fcnschen? ||Kann ich mir auch Lieder w\u00fcnschen? ||300'>Kann ich mir auch Lieder w\u00fcnschen? <\/a><\/p>\n<div id='SID278_3' class='spoiler-body'>\n<p>Sehr gerne nehmen wir Liedw\u00fcnsche an, sofern diese f\u00fcr uns umsetzbar sind. Lieder f\u00fcr Gottesdienste sollen jedoch christlicher Natur sein oder zumindest den christlichen Werten (Frieden, N\u00e4chstenliebe, etc.) entsprechen. Was die Liedauswahl betrifft, stehen wir gerne beratend zur Seite.<\/p>\n<p>Bei Hochzeiten d\u00fcrfen es auch Liebeslieder oder das besonondere &#8218;gemeinsame Lied&#8216; sein. Jedoch darf auch hier nur gespielt werden, was der zust\u00e4ndige Geistliche erlaubt.<\/p><\/div>\n<\/div>\n<div>\n<p><a class='spoiler-tgl' href='http:\/\/www.gloryus.de\/?page_id=278#SID278_4_tgl' id='SID278_4_tgl' rev='slide||Kann man euch mal probeh\u00f6ren? ||Kann man euch mal probeh\u00f6ren? ||300'>Kann man euch mal probeh\u00f6ren? <\/a><\/p>\n<div id='SID278_4' class='spoiler-body'>\n<div>Keiner kauft gerne die Katze im Sack! \ud83d\ude09 Nat\u00fcrlich kann man uns probeh\u00f6ren! Die Termine f\u00fcr unsere &#8222;\u00f6ffentlichen&#8220; Auftritte sind im <a title=\"Terminkalender\" href=\"http:\/\/www.gloryus.de\/?page_id=54\">Terminkalender<\/a> zu finden.<\/div>\n<div>Wir laden Sie auch gerne ein, bei einer unserer Proben zuzuh\u00f6ren. Schreiben Sie uns einfach unter <a title=\"Kontakt\" href=\"http:\/\/www.gloryus.de\/?page_id=17\">Kontakt<\/a> eine kurze E-Mail. Wir melden uns dann und kl\u00e4ren alles Weitere mit Ihnen.<\/div>\n<\/div>\n<\/div>\n<div>\n<p><a class='spoiler-tgl' href='http:\/\/www.gloryus.de\/?page_id=278#SID278_5_tgl' id='SID278_5_tgl' rev='slide||Welche Instrumente habt ihr? ||Welche Instrumente habt ihr? ||300'>Welche Instrumente habt ihr? <\/a><\/p>\n<div id='SID278_5' class='spoiler-body'>\n<p>Zum Standardset geh\u00f6ren Piano, Akkustikgitarre, E-Bass und Percussion.<br \/>\nZus\u00e4tzlich haben wir noch Saxophon, Klarinette, Fl\u00f6te, Geige und Kirchenorgel.<\/p><\/div>\n<\/div>\n<iframe class=\"fblikes\" src=\"http:\/\/www.facebook.com\/plugins\/like.php?href=http:\/\/www.gloryus.de\/?page_id=278&amp;send=false&amp;layout=standard&amp;width=540&amp;show_faces=false&amp;action=like&amp;colorscheme=dark&amp;font=arial&amp;height=35\" scrolling=\"no\" frameborder=\"0\" style=\"border:none; overflow:hidden; width:540px; height:35px; margin: 20px 0px 0px 0px;\" allowTransparency=\"true\"><\/iframe>","protected":false},"excerpt":{"rendered":"<p>Wie viele Lieder ben\u00f6tigt man f\u00fcr einen Gottesdienst? In der Regel gilt f\u00fcr einen katholischen Gottesdienst folgender Ablauf: Einzug Eingangslied Kyrie (kann auch gebetet werden) Gloria Zwischengesang evtl. Hallelujaruf zum Evangelium Gabenbereitung Sanctus Agnus Dei (Friedensgru\u00df) Kommunion Dank Schlusslied Auszug Jedoch ist der genaue Ablauf immer mit dem zust\u00e4ndigen Geistlichen zu kl\u00e4ren. &#8230; und f\u00fcr [&hellip;]<\/p>\n","protected":false},"author":1,"featured_media":0,"parent":276,"menu_order":91,"comment_status":"closed","ping_status":"closed","template":"","meta":[],"_links":{"self":[{"href":"http:\/\/www.gloryus.de\/index.php?rest_route=\/wp\/v2\/pages\/278"}],"collection":[{"href":"http:\/\/www.gloryus.de\/index.php?rest_route=\/wp\/v2\/pages"}],"about":[{"href":"http:\/\/www.gloryus.de\/index.php?rest_route=\/wp\/v2\/types\/page"}],"author":[{"embeddable":true,"href":"http:\/\/www.gloryus.de\/index.php?rest_route=\/wp\/v2\/users\/1"}],"replies":[{"embeddable":true,"href":"http:\/\/www.gloryus.de\/index.php?rest_route=%2Fwp%2Fv2%2Fcomments&post=278"}],"version-history":[{"count":18,"href":"http:\/\/www.gloryus.de\/index.php?rest_route=\/wp\/v2\/pages\/278\/revisions"}],"predecessor-version":[{"id":332,"href":"http:\/\/www.gloryus.de\/index.php?rest_route=\/wp\/v2\/pages\/278\/revisions\/332"}],"up":[{"embeddable":true,"href":"http:\/\/www.gloryus.de\/index.php?rest_route=\/wp\/v2\/pages\/276"}],"wp:attachment":[{"href":"http:\/\/www.gloryus.de\/index.php?rest_route=%2Fwp%2Fv2%2Fmedia&parent=278"}],"curies":[{"name":"wp","href":"https:\/\/api.w.org\/{rel}","templated":true}]}}