{"id":260,"date":"2011-03-17T17:22:34","date_gmt":"2011-03-17T15:22:34","guid":{"rendered":"http:\/\/www.gloryus.de\/?page_id=260"},"modified":"2021-06-09T11:10:13","modified_gmt":"2021-06-09T09:10:13","slug":"hochzeiten","status":"publish","type":"page","link":"http:\/\/www.gloryus.de\/?page_id=260","title":{"rendered":"Hochzeiten"},"content":{"rendered":"<h4>speziell f\u00fcr Hochzeiten bieten wir folgende Lieder an<\/h4>\n<ul>\n<li>\u00bb Das Beste (Silbermond)<\/li>\n<li>\u00bb Ja (Silbermond)<\/li>\n<li>\u00bb Seite an Seite (Christina St\u00fcrmer)<\/li>\n<li>\u00bb Auf uns (Andreas Bourani)<\/li>\n<li>\u00bb Ein Kompliment (Sportfreunde Stiller)<\/li>\n<li>\u00bb The Rose (Bette Midler \u2013 Amanda Mc Broom)<\/li>\n<li>\u00bb Hallelujah (Leonard Cohen)<\/li>\n<li>\u00bb Ich f\u00fchl wie du (aus dem Musical &#8222;Tabaluga und Lilli&#8220;)<\/li>\n<li>\u00bb Dir geh\u00f6rt mein Herz (aus dem Musical &#8222;Tarzan&#8220;)<\/li>\n<li>\u00bb M\u00f6gen Engel euch begleiten (J\u00fcrgen Grote)<\/li>\n<li>\u00bb Ein Augenblick (Ulrike Zengerle &#8222;Adonai Music&#8220;)<\/li>\n<li>\u00bb Here we stand (T. Carter)<\/li>\n<li>\u00bb Weus\u2019d a Herz hast wia a Bergwerk (Rainhard Fendrich)<\/li>\n<li>\u00bb Wilds Wossa (Die Seer)<\/li>\n<li>\u00bb She\u2019s the one (Robbie Williams)<\/li>\n<\/ul>\n<p><strong>verschiedene Instrumentalst\u00fccke:<\/strong><\/p>\n<ul>\n<li>\u00bb Fields of Gold (Sting)<\/li>\n<li>\u00bb Drei Haseln\u00fcsse f\u00fcr Aschenbr\u00f6del<\/li>\n<li>\u00bb In My Place (Coldplay)<\/li>\n<li>\u00bb Trumpet Voluntary (Henry Purcell)<\/li>\n<li>\u00bb Ostinato<\/li>\n<li>\u00bb Intervention (Arcade Fire)<\/li>\n<li>\u00bb Hochzeitsmarsch (F. Mendelssohn)<\/li>\n<li>\u00bb Hochzeitsmarsch &#8222;Treulich gef\u00fchrt&#8220; (R. Wagner aus Lohengrin)<\/li>\n<\/ul>\n<iframe class=\"fblikes\" src=\"http:\/\/www.facebook.com\/plugins\/like.php?href=http:\/\/www.gloryus.de\/?page_id=260&amp;send=false&amp;layout=standard&amp;width=540&amp;show_faces=false&amp;action=like&amp;colorscheme=dark&amp;font=arial&amp;height=35\" scrolling=\"no\" frameborder=\"0\" style=\"border:none; overflow:hidden; width:540px; height:35px; margin: 20px 0px 0px 0px;\" allowTransparency=\"true\"><\/iframe>","protected":false},"excerpt":{"rendered":"<p>speziell f\u00fcr Hochzeiten bieten wir folgende Lieder an \u00bb Das Beste (Silbermond) \u00bb Ja (Silbermond) \u00bb Seite an Seite (Christina St\u00fcrmer) \u00bb Auf uns (Andreas Bourani) \u00bb Ein Kompliment (Sportfreunde Stiller) \u00bb The Rose (Bette Midler \u2013 Amanda Mc Broom) \u00bb Hallelujah (Leonard Cohen) \u00bb Ich f\u00fchl wie du (aus dem Musical &#8222;Tabaluga und Lilli&#8220;) [&hellip;]<\/p>\n","protected":false},"author":1,"featured_media":0,"parent":86,"menu_order":22,"comment_status":"closed","ping_status":"closed","template":"","meta":[],"_links":{"self":[{"href":"http:\/\/www.gloryus.de\/index.php?rest_route=\/wp\/v2\/pages\/260"}],"collection":[{"href":"http:\/\/www.gloryus.de\/index.php?rest_route=\/wp\/v2\/pages"}],"about":[{"href":"http:\/\/www.gloryus.de\/index.php?rest_route=\/wp\/v2\/types\/page"}],"author":[{"embeddable":true,"href":"http:\/\/www.gloryus.de\/index.php?rest_route=\/wp\/v2\/users\/1"}],"replies":[{"embeddable":true,"href":"http:\/\/www.gloryus.de\/index.php?rest_route=%2Fwp%2Fv2%2Fcomments&post=260"}],"version-history":[{"count":19,"href":"http:\/\/www.gloryus.de\/index.php?rest_route=\/wp\/v2\/pages\/260\/revisions"}],"predecessor-version":[{"id":705,"href":"http:\/\/www.gloryus.de\/index.php?rest_route=\/wp\/v2\/pages\/260\/revisions\/705"}],"up":[{"embeddable":true,"href":"http:\/\/www.gloryus.de\/index.php?rest_route=\/wp\/v2\/pages\/86"}],"wp:attachment":[{"href":"http:\/\/www.gloryus.de\/index.php?rest_route=%2Fwp%2Fv2%2Fmedia&parent=260"}],"curies":[{"name":"wp","href":"https:\/\/api.w.org\/{rel}","templated":true}]}}