{"id":2,"date":"2010-04-28T08:47:42","date_gmt":"2010-04-28T08:47:42","guid":{"rendered":"http:\/\/www.gloryus.de\/?page_id=2"},"modified":"2018-08-08T16:05:37","modified_gmt":"2018-08-08T14:05:37","slug":"eine-seite","status":"publish","type":"page","link":"http:\/\/www.gloryus.de\/","title":{"rendered":"Start"},"content":{"rendered":"<h4>Herzlich Willkommen auf den Seiten von GloryUs!<\/h4>\n<p><img loading=\"lazy\" class=\"aligncenter wp-image-656 size-full\" src=\"http:\/\/www.gloryus.de\/wp-content\/uploads\/gruppe_s_web.jpg\" alt=\"Band GloryUs\" width=\"530\" height=\"270\" srcset=\"http:\/\/www.gloryus.de\/wp-content\/uploads\/gruppe_s_web.jpg 530w, http:\/\/www.gloryus.de\/wp-content\/uploads\/gruppe_s_web-300x153.jpg 300w\" sizes=\"(max-width: 530px) 100vw, 530px\" \/><br \/>\nWir sind eine junge, 9-k\u00f6pfige Band aus Pirk bei Weiden i.d. Oberpfalz (Bayern).<\/p>\n<p>Wir spielen moderne kirchliche <a href=\"http:\/\/www.gloryus.de\/?page_id=86\">Musik<\/a> zu jedem Anlass! Ob Hochzeit, Firmung, Kommunion, Jugendgottesdienst, Jubil\u00e4um oder f\u00fcr was auch immer Sie sich etwas Besonderes w\u00fcnschen! <a href=\"http:\/\/www.gloryus.de\/?page_id=17\">Sprechen Sie uns an!<\/a><\/p>\n<p>Die aktuellen Termine finden Sie im <a href=\"http:\/\/www.gloryus.de\/?page_id=54\">Terminkalender<\/a>.<\/p>\n<p>Wir w\u00fcnschen Ihnen viel Spa\u00df auf unserer Homepage!<\/p>\n<p>Viele Gr\u00fc\u00dfe<br \/>\n<em> GloryUs s.d.g.<\/em><\/p>\n<iframe class=\"fblikes\" src=\"http:\/\/www.facebook.com\/plugins\/like.php?href=http:\/\/www.gloryus.de\/&amp;send=false&amp;layout=standard&amp;width=540&amp;show_faces=false&amp;action=like&amp;colorscheme=dark&amp;font=arial&amp;height=35\" scrolling=\"no\" frameborder=\"0\" style=\"border:none; overflow:hidden; width:540px; height:35px; margin: 20px 0px 0px 0px;\" allowTransparency=\"true\"><\/iframe>","protected":false},"excerpt":{"rendered":"<p>Herzlich Willkommen auf den Seiten von GloryUs! Wir sind eine junge, 9-k\u00f6pfige Band aus Pirk bei Weiden i.d. Oberpfalz (Bayern). Wir spielen moderne kirchliche Musik zu jedem Anlass! Ob Hochzeit, Firmung, Kommunion, Jugendgottesdienst, Jubil\u00e4um oder f\u00fcr was auch immer Sie sich etwas Besonderes w\u00fcnschen! Sprechen Sie uns an! Die aktuellen Termine finden Sie im Terminkalender. [&hellip;]<\/p>\n","protected":false},"author":1,"featured_media":0,"parent":0,"menu_order":0,"comment_status":"closed","ping_status":"closed","template":"","meta":[],"_links":{"self":[{"href":"http:\/\/www.gloryus.de\/index.php?rest_route=\/wp\/v2\/pages\/2"}],"collection":[{"href":"http:\/\/www.gloryus.de\/index.php?rest_route=\/wp\/v2\/pages"}],"about":[{"href":"http:\/\/www.gloryus.de\/index.php?rest_route=\/wp\/v2\/types\/page"}],"author":[{"embeddable":true,"href":"http:\/\/www.gloryus.de\/index.php?rest_route=\/wp\/v2\/users\/1"}],"replies":[{"embeddable":true,"href":"http:\/\/www.gloryus.de\/index.php?rest_route=%2Fwp%2Fv2%2Fcomments&post=2"}],"version-history":[{"count":50,"href":"http:\/\/www.gloryus.de\/index.php?rest_route=\/wp\/v2\/pages\/2\/revisions"}],"predecessor-version":[{"id":658,"href":"http:\/\/www.gloryus.de\/index.php?rest_route=\/wp\/v2\/pages\/2\/revisions\/658"}],"wp:attachment":[{"href":"http:\/\/www.gloryus.de\/index.php?rest_route=%2Fwp%2Fv2%2Fmedia&parent=2"}],"curies":[{"name":"wp","href":"https:\/\/api.w.org\/{rel}","templated":true}]}}